{"id":897,"date":"2025-05-19T18:12:08","date_gmt":"2025-05-20T00:12:08","guid":{"rendered":"https:\/\/liceagadesign.com\/?post_type=product&#038;p=897"},"modified":"2025-05-19T18:12:08","modified_gmt":"2025-05-20T00:12:08","slug":"urna-mascota","status":"publish","type":"product","link":"https:\/\/liceagadesign.com\/index.php\/product\/urna-mascota\/","title":{"rendered":"Urna Mascota"},"content":{"rendered":"<p>Urna Mascota, pieza artesanal con dise\u00f1o elegante y funcional, dale a tu mascota un lugar para descansar digno y merecido, siempre estar\u00e1 presente en tu coraz\u00f3n.<\/p>\n<p>fabricado en madera de pino.<\/p>\n<p class=\"price\">tama\u00f1o de la pieza mostrada en la imagen, de 14 x 14 cm, con un espesor de 23mm.<\/p>\n<p>esta medida de la pieza es aproximadamente para razas peque\u00f1as<\/p>\n<p class=\"price\">Podemos personalizar el color, tama\u00f1o, imagen y tipo de madera seg\u00fan tus gustos. \u00a1Llena el formulario y nos pondremos en contacto!<\/p>\n","protected":false},"excerpt":{"rendered":"<p>Urna Mascota, pieza artesanal con dise\u00f1o elegante y funcional, dale a tu mascota un lugar para descansar digno y merecido, siempre estar\u00e1 presente en tu coraz\u00f3n.<\/p>\n","protected":false},"featured_media":899,"template":"","meta":{"om_disable_all_campaigns":false,"_uag_custom_page_level_css":"","_monsterinsights_skip_tracking":false,"_monsterinsights_sitenote_active":false,"_monsterinsights_sitenote_note":"","_monsterinsights_sitenote_category":0,"site-sidebar-layout":"default","site-content-layout":"","ast-site-content-layout":"default","site-content-style":"default","site-sidebar-style":"default","ast-global-header-display":"","ast-banner-title-visibility":"","ast-main-header-display":"","ast-hfb-above-header-display":"","ast-hfb-below-header-display":"","ast-hfb-mobile-header-display":"","site-post-title":"","ast-breadcrumbs-content":"","ast-featured-img":"","footer-sml-layout":"","theme-transparent-header-meta":"default","adv-header-id-meta":"","stick-header-meta":"","header-above-stick-meta":"","header-main-stick-meta":"","header-below-stick-meta":"","astra-migrate-meta-layouts":"set","ast-page-background-enabled":"default","ast-page-background-meta":{"desktop":{"background-color":"var(--ast-global-color-4)","background-image":"","background-repeat":"repeat","background-position":"center center","background-size":"auto","background-attachment":"scroll","background-type":"","background-media":"","overlay-type":"","overlay-color":"","overlay-opacity":"","overlay-gradient":""},"tablet":{"background-color":"","background-image":"","background-repeat":"repeat","background-position":"center center","background-size":"auto","background-attachment":"scroll","background-type":"","background-media":"","overlay-type":"","overlay-color":"","overlay-opacity":"","overlay-gradient":""},"mobile":{"background-color":"","background-image":"","background-repeat":"repeat","background-position":"center center","background-size":"auto","background-attachment":"scroll","background-type":"","background-media":"","overlay-type":"","overlay-color":"","overlay-opacity":"","overlay-gradient":""}},"ast-content-background-meta":{"desktop":{"background-color":"var(--ast-global-color-5)","background-image":"","background-repeat":"repeat","background-position":"center center","background-size":"auto","background-attachment":"scroll","background-type":"","background-media":"","overlay-type":"","overlay-color":"","overlay-opacity":"","overlay-gradient":""},"tablet":{"background-color":"var(--ast-global-color-5)","background-image":"","background-repeat":"repeat","background-position":"center center","background-size":"auto","background-attachment":"scroll","background-type":"","background-media":"","overlay-type":"","overlay-color":"","overlay-opacity":"","overlay-gradient":""},"mobile":{"background-color":"var(--ast-global-color-5)","background-image":"","background-repeat":"repeat","background-position":"center center","background-size":"auto","background-attachment":"scroll","background-type":"","background-media":"","overlay-type":"","overlay-color":"","overlay-opacity":"","overlay-gradient":""}}},"product_cat":[32],"product_tag":[],"class_list":{"0":"post-897","1":"product","2":"type-product","3":"status-publish","4":"has-post-thumbnail","6":"product_cat-mascotas","7":"desktop-align-left","8":"tablet-align-left","9":"mobile-align-left","11":"first","12":"instock","13":"taxable","14":"shipping-taxable","15":"purchasable","16":"product-type-simple"},"aioseo_notices":[],"jetpack_sharing_enabled":true,"uagb_featured_image_src":{"full":["https:\/\/liceagadesign.com\/wp-content\/uploads\/2025\/05\/IMG_7392-scaled.jpg",2560,1920,false],"thumbnail":["https:\/\/liceagadesign.com\/wp-content\/uploads\/2025\/05\/IMG_7392-150x150.jpg",150,150,true],"medium":["https:\/\/liceagadesign.com\/wp-content\/uploads\/2025\/05\/IMG_7392-300x225.jpg",300,225,true],"medium_large":["https:\/\/liceagadesign.com\/wp-content\/uploads\/2025\/05\/IMG_7392-768x576.jpg",768,576,true],"large":["https:\/\/liceagadesign.com\/wp-content\/uploads\/2025\/05\/IMG_7392-1024x768.jpg",1024,768,true],"1536x1536":["https:\/\/liceagadesign.com\/wp-content\/uploads\/2025\/05\/IMG_7392-1536x1152.jpg",1536,1152,true],"2048x2048":["https:\/\/liceagadesign.com\/wp-content\/uploads\/2025\/05\/IMG_7392-2048x1536.jpg",2048,1536,true],"mailpoet_newsletter_max":["https:\/\/liceagadesign.com\/wp-content\/uploads\/2025\/05\/IMG_7392-1320x990.jpg",1320,990,true],"woocommerce_thumbnail":["https:\/\/liceagadesign.com\/wp-content\/uploads\/2025\/05\/IMG_7392-300x300.jpg",300,300,true],"woocommerce_single":["https:\/\/liceagadesign.com\/wp-content\/uploads\/2025\/05\/IMG_7392-600x450.jpg",600,450,true],"woocommerce_gallery_thumbnail":["https:\/\/liceagadesign.com\/wp-content\/uploads\/2025\/05\/IMG_7392-100x100.jpg",100,100,true]},"uagb_author_info":{"display_name":"liceagadesign.com","author_link":"https:\/\/liceagadesign.com\/index.php\/author\/"},"uagb_comment_info":0,"uagb_excerpt":"Urna Mascota, pieza artesanal con dise\u00f1o elegante y funcional, dale a tu mascota un lugar para descansar digno y merecido, siempre estar\u00e1 presente en tu coraz\u00f3n.","_links":{"self":[{"href":"https:\/\/liceagadesign.com\/index.php\/wp-json\/wp\/v2\/product\/897","targetHints":{"allow":["GET"]}}],"collection":[{"href":"https:\/\/liceagadesign.com\/index.php\/wp-json\/wp\/v2\/product"}],"about":[{"href":"https:\/\/liceagadesign.com\/index.php\/wp-json\/wp\/v2\/types\/product"}],"wp:featuredmedia":[{"embeddable":true,"href":"https:\/\/liceagadesign.com\/index.php\/wp-json\/wp\/v2\/media\/899"}],"wp:attachment":[{"href":"https:\/\/liceagadesign.com\/index.php\/wp-json\/wp\/v2\/media?parent=897"}],"wp:term":[{"taxonomy":"product_cat","embeddable":true,"href":"https:\/\/liceagadesign.com\/index.php\/wp-json\/wp\/v2\/product_cat?post=897"},{"taxonomy":"product_tag","embeddable":true,"href":"https:\/\/liceagadesign.com\/index.php\/wp-json\/wp\/v2\/product_tag?post=897"}],"curies":[{"name":"wp","href":"https:\/\/api.w.org\/{rel}","templated":true}]}}