{"id":840,"date":"2025-05-14T18:45:57","date_gmt":"2025-05-15T00:45:57","guid":{"rendered":"https:\/\/liceagadesign.com\/?post_type=product&#038;p=840"},"modified":"2025-05-15T19:44:39","modified_gmt":"2025-05-16T01:44:39","slug":"perchero-batman","status":"publish","type":"product","link":"https:\/\/liceagadesign.com\/index.php\/product\/perchero-batman\/","title":{"rendered":"Perchero Batman"},"content":{"rendered":"<p>Perchero de Pared artesanal, con dise\u00f1o de s\u00edmbolo Batman, con cuatro soportes con el s\u00edmbolo del mismo.<\/p>\n<p>elaborado en madera de pino, dise\u00f1o elegante y juvenil<\/p>\n<p>tama\u00f1o de la pieza mostrada en la imagen, de 45 x 23 cm, en un espesor de 21mm.<\/p>\n<p>Podemos personalizar el color, tama\u00f1o, imagen y tipo de madera seg\u00fan tus gustos. \u00a1Llena el formulario y nos pondremos en contacto!<\/p>\n","protected":false},"excerpt":{"rendered":"<p>Perchero de Pared, con dise\u00f1o de s\u00edmbolo Batman, con cuatro soportes con el s\u00edmbolo del mismo.<\/p>\n<p>en madera de pino.<\/p>\n<p>con una medida de 45 x 23 cm, en un espesor de 21mm<\/p>\n","protected":false},"featured_media":836,"template":"","meta":{"om_disable_all_campaigns":false,"_uag_custom_page_level_css":"","_monsterinsights_skip_tracking":false,"_monsterinsights_sitenote_active":false,"_monsterinsights_sitenote_note":"","_monsterinsights_sitenote_category":0,"site-sidebar-layout":"default","site-content-layout":"","ast-site-content-layout":"default","site-content-style":"default","site-sidebar-style":"default","ast-global-header-display":"","ast-banner-title-visibility":"","ast-main-header-display":"","ast-hfb-above-header-display":"","ast-hfb-below-header-display":"","ast-hfb-mobile-header-display":"","site-post-title":"","ast-breadcrumbs-content":"","ast-featured-img":"","footer-sml-layout":"","theme-transparent-header-meta":"default","adv-header-id-meta":"","stick-header-meta":"","header-above-stick-meta":"","header-main-stick-meta":"","header-below-stick-meta":"","astra-migrate-meta-layouts":"set","ast-page-background-enabled":"default","ast-page-background-meta":{"desktop":{"background-color":"var(--ast-global-color-4)","background-image":"","background-repeat":"repeat","background-position":"center center","background-size":"auto","background-attachment":"scroll","background-type":"","background-media":"","overlay-type":"","overlay-color":"","overlay-opacity":"","overlay-gradient":""},"tablet":{"background-color":"","background-image":"","background-repeat":"repeat","background-position":"center center","background-size":"auto","background-attachment":"scroll","background-type":"","background-media":"","overlay-type":"","overlay-color":"","overlay-opacity":"","overlay-gradient":""},"mobile":{"background-color":"","background-image":"","background-repeat":"repeat","background-position":"center center","background-size":"auto","background-attachment":"scroll","background-type":"","background-media":"","overlay-type":"","overlay-color":"","overlay-opacity":"","overlay-gradient":""}},"ast-content-background-meta":{"desktop":{"background-color":"var(--ast-global-color-5)","background-image":"","background-repeat":"repeat","background-position":"center center","background-size":"auto","background-attachment":"scroll","background-type":"","background-media":"","overlay-type":"","overlay-color":"","overlay-opacity":"","overlay-gradient":""},"tablet":{"background-color":"var(--ast-global-color-5)","background-image":"","background-repeat":"repeat","background-position":"center center","background-size":"auto","background-attachment":"scroll","background-type":"","background-media":"","overlay-type":"","overlay-color":"","overlay-opacity":"","overlay-gradient":""},"mobile":{"background-color":"var(--ast-global-color-5)","background-image":"","background-repeat":"repeat","background-position":"center center","background-size":"auto","background-attachment":"scroll","background-type":"","background-media":"","overlay-type":"","overlay-color":"","overlay-opacity":"","overlay-gradient":""}}},"product_cat":[31],"product_tag":[],"class_list":{"0":"post-840","1":"product","2":"type-product","3":"status-publish","4":"has-post-thumbnail","6":"product_cat-decoracion-de-pared","7":"desktop-align-left","8":"tablet-align-left","9":"mobile-align-left","11":"first","12":"instock","13":"taxable","14":"shipping-taxable","15":"purchasable","16":"product-type-simple"},"aioseo_notices":[],"jetpack_sharing_enabled":true,"uagb_featured_image_src":{"full":["https:\/\/liceagadesign.com\/wp-content\/uploads\/2025\/05\/IMG_3536-scaled-e1747268593394.jpg",2342,1550,false],"thumbnail":["https:\/\/liceagadesign.com\/wp-content\/uploads\/2025\/05\/IMG_3536-scaled-e1747268593394-150x150.jpg",150,150,true],"medium":["https:\/\/liceagadesign.com\/wp-content\/uploads\/2025\/05\/IMG_3536-scaled-e1747268593394-300x199.jpg",300,199,true],"medium_large":["https:\/\/liceagadesign.com\/wp-content\/uploads\/2025\/05\/IMG_3536-scaled-e1747268593394-768x508.jpg",768,508,true],"large":["https:\/\/liceagadesign.com\/wp-content\/uploads\/2025\/05\/IMG_3536-scaled-e1747268593394-1024x678.jpg",1024,678,true],"1536x1536":["https:\/\/liceagadesign.com\/wp-content\/uploads\/2025\/05\/IMG_3536-scaled-e1747268593394-1536x1017.jpg",1536,1017,true],"2048x2048":["https:\/\/liceagadesign.com\/wp-content\/uploads\/2025\/05\/IMG_3536-scaled-e1747268593394-2048x1355.jpg",2048,1355,true],"mailpoet_newsletter_max":["https:\/\/liceagadesign.com\/wp-content\/uploads\/2025\/05\/IMG_3536-scaled-e1747268593394-1320x874.jpg",1320,874,true],"woocommerce_thumbnail":["https:\/\/liceagadesign.com\/wp-content\/uploads\/2025\/05\/IMG_3536-scaled-e1747268593394-300x300.jpg",300,300,true],"woocommerce_single":["https:\/\/liceagadesign.com\/wp-content\/uploads\/2025\/05\/IMG_3536-scaled-e1747268593394-600x397.jpg",600,397,true],"woocommerce_gallery_thumbnail":["https:\/\/liceagadesign.com\/wp-content\/uploads\/2025\/05\/IMG_3536-scaled-e1747268593394-100x100.jpg",100,100,true]},"uagb_author_info":{"display_name":"liceagadesign.com","author_link":"https:\/\/liceagadesign.com\/index.php\/author\/"},"uagb_comment_info":0,"uagb_excerpt":"Perchero de Pared, con dise\u00f1o de s\u00edmbolo Batman, con cuatro soportes con el s\u00edmbolo del mismo. en madera de pino. con una medida de 45 x 23 cm, en un espesor de 21mm","_links":{"self":[{"href":"https:\/\/liceagadesign.com\/index.php\/wp-json\/wp\/v2\/product\/840","targetHints":{"allow":["GET"]}}],"collection":[{"href":"https:\/\/liceagadesign.com\/index.php\/wp-json\/wp\/v2\/product"}],"about":[{"href":"https:\/\/liceagadesign.com\/index.php\/wp-json\/wp\/v2\/types\/product"}],"wp:featuredmedia":[{"embeddable":true,"href":"https:\/\/liceagadesign.com\/index.php\/wp-json\/wp\/v2\/media\/836"}],"wp:attachment":[{"href":"https:\/\/liceagadesign.com\/index.php\/wp-json\/wp\/v2\/media?parent=840"}],"wp:term":[{"taxonomy":"product_cat","embeddable":true,"href":"https:\/\/liceagadesign.com\/index.php\/wp-json\/wp\/v2\/product_cat?post=840"},{"taxonomy":"product_tag","embeddable":true,"href":"https:\/\/liceagadesign.com\/index.php\/wp-json\/wp\/v2\/product_tag?post=840"}],"curies":[{"name":"wp","href":"https:\/\/api.w.org\/{rel}","templated":true}]}}